{"id":5602,"date":"2025-07-08T08:31:48","date_gmt":"2025-07-08T07:31:48","guid":{"rendered":"http:\/\/localhost\/wordpress\/?page_id=5602"},"modified":"2026-04-02T09:31:34","modified_gmt":"2026-04-02T08:31:34","slug":"spletna-placila","status":"publish","type":"page","link":"https:\/\/paywiser.eu\/index.php\/spletna-placila\/","title":{"rendered":"Spletna pla\u010dila"},"content":{"rendered":"<div class=\"wpb-content-wrapper\"><p>[vc_row][vc_column][\/vc_column][\/vc_row][vc_row el_class=&#8221;wide-ipad bold_design&#8221;][vc_column width=&#8221;1\/2&#8243;]<div class=\"ult-content-box-container \" >\t\t<div class=\"ult-content-box\" style=\"box-shadow: px px px px none;margin-right:120px;-webkit-transition: all 700ms ease;-moz-transition: all 700ms ease;-ms-transition: all 700ms ease;-o-transition: all 700ms ease;transition: all 700ms ease;\"  data-hover_box_shadow=\"none\"   data-responsive_margins=\"margin:0px;\"   data-normal_margins=\"margin-right:120px;\"  >[vc_row_inner el_class=&#8221;text-outline-cont&#8221;][vc_column_inner][vc_custom_heading text=&#8221;&#8221; font_container=&#8221;tag:h2|text_align:left&#8221; use_theme_fonts=&#8221;yes&#8221; css=&#8221;&#8221; el_class=&#8221;text-outline-2&#8243;][vc_custom_heading text=&#8221;Poenostavite spletna pla\u010dila in raz\u0161irite svoje poslovanje na globalna tr\u017ei\u0161\u010da s Paywiser pla\u010dilnimi storitvami.&#8221; font_container=&#8221;tag:h2|text_align:left|color:%231598D5&#8243; use_theme_fonts=&#8221;yes&#8221; css=&#8221;&#8221; el_class=&#8221;text-outline-3&#8243;][\/vc_column_inner][\/vc_row_inner][vc_row_inner][vc_column_inner]<div id=\"ultv-5841\" class=\"ult-dual-color ult-adjust-bottom-margin ult-dual-color-responsive-none ultv-5841 section-title-inline \"><div class=\"ult-module-content ult-dual-color-heading\" style=\"text-align:left;\">\n\t\t\t\t\t\t<h3><span class=\"ult-before-heading\">\n\t\t\t\t\t\t\t\t\t<span class=\"ult-dual-heading-text ult-first-text ult-responsive\"  data-ultimate-target='.ult-dual-color.ultv-5841 .ult-dual-heading-text'  data-responsive-json-new='{\"font-size\":\"\",\"line-height\":\"\"}'  style=\"color:#ffffff; background-color:#010101;    border:none; font-family:&#039;Roboto&#039;;font-weight:500;\">e-comm<\/span>\n\t\t\t\t\t\t\t\t<\/span><span class=\"ult-adv-heading\" style=\"\">\n\t\t\t\t\t\t\t\t\t<span class=\"ult-dual-adv-heading-text ult-highlight-text ult-responsive\"  data-ultimate-target='.ult-dual-color.ultv-5841 .ult-highlight-text'  data-responsive-json-new='{\"font-size\":\"desktop:23px;mobile:21px;\",\"line-height\":\"desktop:41px;mobile:35px;\"}'  style=\"color:#010101;     border:none; font-family:&#039;Roboto&#039;;font-weight:normal;font-style:normal;\">Imamo tisto, kar potrebujete za pospe\u0161evanje va\u0161ega podjetja<\/span>\n\t\t\t\t\t\t\t\t<\/span><\/h3> <\/div><\/div>[\/vc_column_inner][\/vc_row_inner][vc_empty_space height=&#8221;40px&#8221;][vc_row_inner][vc_column_inner]<div class=\" vc_custom_1752842854972 ubtn-ctn-left only-text-button underline small_letter_space\"><a class=\"link-hover-anim ubtn-link ult-adjust-bottom-margin ubtn-left ubtn-normal only-text-button underline small_letter_space\" href=\"https:\/\/paywiser.eu\/index.php\/kontakt\/\" title=\"Contact\"  data-link-animate=\"y\"><button type=\"button\" id=\"ubtn-9024\"  class=\"ubtn ult-adjust-bottom-margin ult-responsive ubtn-normal ubtn-no-hover-bg  none  ubtn-left   tooltip-69d0d69813d4e\"  data-hover=\"#000000\" data-border-color=\"\" data-bg=\"rgba(224,224,224,0.01)\" data-hover-bg=\"rgba(0,0,0,0.01)\" data-border-hover=\"\" data-shadow-hover=\"\" data-shadow-click=\"none\" data-shadow=\"\" data-shd-shadow=\"\"  data-ultimate-target='#ubtn-9024'  data-responsive-json-new='{\"font-size\":\"desktop:17px;\",\"line-height\":\"\"}'  style=\"font-family:&#039;DM Sans&#039;;font-weight:500;border:none;background: rgba(224,224,224,0.01);color: #1598D5;\"><span class=\"ubtn-data ubtn-icon\"><i class=\"none\" style=\"font-size:0px;color:#010101;\"><\/i><\/span><span class=\"ubtn-hover\" style=\"background-color:rgba(0,0,0,0.01)\"><\/span><span class=\"ubtn-data ubtn-text \" >Kontaktirajte nas za ve\u010d informacij<\/span><\/button><\/a><\/div>[\/vc_column_inner][\/vc_row_inner]\t\t<\/div><\/div>[\/vc_column][vc_column css_animation=&#8221;fadeInUp&#8221; width=&#8221;1\/2&#8243;]<div class=\"ult-spacer spacer-69d0d69813e84\" data-id=\"69d0d69813e84\" data-height=\"\" data-height-mobile=\"70\" data-height-tab=\"\" data-height-tab-portrait=\"100\" data-height-mobile-landscape=\"70\" style=\"clear:both;display:block;\"><\/div>[vc_tta_accordion color=&#8221;black&#8221; active_section=&#8221;-1&#8243; collapsible_all=&#8221;true&#8221;][vc_tta_section title=&#8221;Spletna pla\u010dila&#8221; tab_id=&#8221;brand-strategyf7f0-870d&#8221;][vc_column_text css=&#8221;&#8221;]Omogo\u010dite strankam udobno in popolno nakupovalno izku\u0161njo z varnimi spletnimi karti\u010dnimi pla\u010dili, brez ve\u010djih tehni\u010dnih naporov. Integracija in uporaba pla\u010devanja v spletni trgovini je enostavna. <span style=\"color: #1598d5;\">Izgled je prilagodljiv trgov\u010devi spletni strani in na voljo v 12 jezikih.<\/span><\/p>\n<p>Za takoj\u0161en vpogled in upravljanje transakcij je na voljo nadzorna plo\u0161\u010da, preko katere lahko trgovci spremljate statuse transakcij, upravljate z vra\u010dili in dostopate do poro\u010dilNa voljo je hiter vpogled v posamezne API klice\/odzive za izbrane transakcije.[\/vc_column_text][\/vc_tta_section][vc_tta_section title=&#8221;Tokenizacija&#8221; tab_id=&#8221;web-designf7f0-870d&#8221;][vc_column_text css=&#8221;&#8221;]Tokenizacija je postopek izmenjave ob\u010dutljivih podatkov za neob\u010dutljive podatke, imenovane \u201c\u017eetoni\u201d, ki jih je mogo\u010de uporabiti v zbirki podatkov ali notranjem sistemu. Proces tokenizacije se za\u010dne z digitalizacijo sredstva, ki je proces njegove pretvorbe v digitalno obliko.<\/p>\n<p>&nbsp;[\/vc_column_text][\/vc_tta_section][vc_tta_section title=&#8221;Pla\u010dilo preko povezave&#8221; tab_id=&#8221;art-directionf7f0-870d&#8221;][vc_column_text css=&#8221;&#8221;]Pla\u010dilo prek povezave je digitalni na\u010din pla\u010dila, ki podjetjem omogo\u010da, da od strank zahtevajo pla\u010dila prek URL-ja. Povezave za pla\u010dilo je mogo\u010de poslati prek katerega koli kanala, zaradi \u010desar so zelo vsestranske in idealne za katero koli napravo, bodisi osebno, prek spleta, mobilnih telefonov, SMS-ov in \u0161e ve\u010d.[\/vc_column_text][\/vc_tta_section][vc_tta_section title=&#8221;GooglePay &#038; ApplePay&#8221; tab_id=&#8221;web-developmentf7f0-870d&#8221;][vc_column_text css=&#8221;&#8221;][\/vc_column_text][\/vc_tta_section][vc_tta_section title=&#8221;LOKALNE PLA\u010cILNE METODE&#8221; tab_id=&#8221;1775118579968-d461748b-ec21&#8243;][vc_column_text css=&#8221;&#8221;]<\/p>\n<ul>\n<li>iDEAL<\/li>\n<li>MB Way<\/li>\n<li>Blik<\/li>\n<\/ul>\n<p>[\/vc_column_text][\/vc_tta_section][vc_tta_section title=&#8221;Tehni\u010dna dokumentacija&#8221; tab_id=&#8221;marketingf7f0-870d&#8221;][vc_column_text css=&#8221;&#8221;]<\/p>\n<ul>\n<li>Knji\u017enice: PHP, Java, C#, Node.js<\/li>\n<li>SDK: iOS, Android<\/li>\n<\/ul>\n<p>[\/vc_column_text][\/vc_tta_section][vc_tta_section title=&#8221;Pla\u010dilni moduli&#8221; tab_id=&#8221;1752842517223-3a4a7c4e-56dc&#8221;][vc_column_text css=&#8221;&#8221;]<\/p>\n<ul>\n<li>WooCommerce<\/li>\n<li>OpenCart<\/li>\n<li>Magento<\/li>\n<li>PrestaShop<\/li>\n<\/ul>\n<p>[\/vc_column_text][\/vc_tta_section][\/vc_tta_accordion][\/vc_column][\/vc_row][vc_row][vc_column]<div class=\"ult-spacer spacer-69d0d69813ea8\" data-id=\"69d0d69813ea8\" data-height=\"100\" data-height-mobile=\"35\" data-height-tab=\"\" data-height-tab-portrait=\"80\" data-height-mobile-landscape=\"35\" style=\"clear:both;display:block;\"><\/div>[\/vc_column][\/vc_row]<\/p>\n<\/div>","protected":false},"excerpt":{"rendered":"<p>[vc_row][vc_column][\/vc_column][\/vc_row][vc_row el_class=&#8221;wide-ipad bold_design&#8221;][vc_column width=&#8221;1\/2&#8243;][\/vc_column][vc_column css_animation=&#8221;fadeInUp&#8221; width=&#8221;1\/2&#8243;][vc_tta_accordion color=&#8221;black&#8221; active_section=&#8221;-1&#8243; collapsible_all=&#8221;true&#8221;][vc_tta_section title=&#8221;Spletna pla\u010dila&#8221; tab_id=&#8221;brand-strategyf7f0-870d&#8221;][vc_column_text css=&#8221;&#8221;]Omogo\u010dite strankam udobno in popolno nakupovalno izku\u0161njo z varnimi spletnimi karti\u010dnimi pla\u010dili, brez ve\u010djih tehni\u010dnih naporov. Integracija in uporaba pla\u010devanja v spletni trgovini je enostavna. Izgled je prilagodljiv trgov\u010devi spletni strani in na voljo v 12 jezikih. Za takoj\u0161en vpogled in upravljanje transakcij [&hellip;]<\/p>\n","protected":false},"author":1,"featured_media":0,"parent":0,"menu_order":0,"comment_status":"closed","ping_status":"closed","template":"page.php","meta":{"footnotes":""},"class_list":["post-5602","page","type-page","status-publish","hentry"],"_links":{"self":[{"href":"https:\/\/paywiser.eu\/index.php\/wp-json\/wp\/v2\/pages\/5602","targetHints":{"allow":["GET"]}}],"collection":[{"href":"https:\/\/paywiser.eu\/index.php\/wp-json\/wp\/v2\/pages"}],"about":[{"href":"https:\/\/paywiser.eu\/index.php\/wp-json\/wp\/v2\/types\/page"}],"author":[{"embeddable":true,"href":"https:\/\/paywiser.eu\/index.php\/wp-json\/wp\/v2\/users\/1"}],"replies":[{"embeddable":true,"href":"https:\/\/paywiser.eu\/index.php\/wp-json\/wp\/v2\/comments?post=5602"}],"version-history":[{"count":10,"href":"https:\/\/paywiser.eu\/index.php\/wp-json\/wp\/v2\/pages\/5602\/revisions"}],"predecessor-version":[{"id":6437,"href":"https:\/\/paywiser.eu\/index.php\/wp-json\/wp\/v2\/pages\/5602\/revisions\/6437"}],"wp:attachment":[{"href":"https:\/\/paywiser.eu\/index.php\/wp-json\/wp\/v2\/media?parent=5602"}],"curies":[{"name":"wp","href":"https:\/\/api.w.org\/{rel}","templated":true}]}}