{"id":5550,"date":"2025-07-03T12:34:00","date_gmt":"2025-07-03T11:34:00","guid":{"rendered":"http:\/\/localhost\/wordpress\/?page_id=5550"},"modified":"2025-07-15T14:37:49","modified_gmt":"2025-07-15T13:37:49","slug":"paywiser-placilni-racun","status":"publish","type":"page","link":"https:\/\/paywiser.eu\/index.php\/paywiser-placilni-racun\/","title":{"rendered":"Paywiser pla\u010dilni ra\u010dun"},"content":{"rendered":"<div class=\"wpb-content-wrapper\"><p>[vc_row][vc_column][vc_column_text css=&#8221;&#8221;]<\/p>\n<div id=\"faqPrologue\" class=\"text-center\">\n<h4>Radi bi vam ponudili nemoteno izku\u0161njo pla\u010devanja, brez stresa,<br \/>\ndvomov in neodgovorjenih vpra\u0161anj.<\/h4>\n<h4>Preverite odgovore na najpogostej\u0161a vpra\u0161anja<\/h4>\n<\/div>\n<div class=\"big-icon\"><\/div>\n<div><\/div>\n<p>[\/vc_column_text][\/vc_column][\/vc_row][vc_row][vc_column][vc_tta_accordion active_section=&#8221;0&#8243;][vc_tta_section title=&#8221;1. Kako odprem Paywiser pla\u010dilni ra\u010dun?&#8221; tab_id=&#8221;1752584610011-69cbe474-a7ae&#8221;][vc_column_text css=&#8221;&#8221;]Na spletni strani www.paywiser.eu izpolnite prijavni obrazec, ki se odpre s klikom na gumb \u2018Apply now\u2019. Od vas zahtevamo le tiste informacije, ki so potrebne za odprtje Paywiser pla\u010dilnega ra\u010dun. V postopku pridobivanja informacij boste zaradi izvedbe elektronske identifikacije na daljavo preusmerjeni na spletno stran na\u0161ega pogodbenega partnerja Sumsub, ki je certificiran in reguliran ponudnik storitev verificiranja uporabnikov.<\/p>\n<p>Za nemoteno izvedbo postopka elektronske identifikacije je pomembno, da:<\/p>\n<ul>\n<li>imate dobro internet povezavo, uporaba VPN namre\u010d blokira nadaljnji postopek;<\/li>\n<li>ima va\u0161 ra\u010dunalnik ali mobilni telefon dovolj kakovostno, nepo\u0161kodovano in \u010disto kamero, saj morajo biti posnetki va\u0161ega osebnega dokumenta in va\u0161ega obraza (za t.i. liveness check) dovolj razlo\u010dni.<\/li>\n<\/ul>\n<p>Po izvedbi zakonsko predpisanega postopka preverjanja va\u0161e identitete bomo potrdili va\u0161 zahtevek za odprtje Paywiser pla\u010dilnega ra\u010duna in vas o tem obvestili z elektronskim obvestilom, ki ga bomo poslali na e-naslov, katerega ste navedli v prijavnem obrazcu.[\/vc_column_text][\/vc_tta_section][vc_tta_section title=&#8221;2. Kje lahko dostopam do mojih Paywiser ra\u010dunov?&#8221; tab_id=&#8221;1752584610020-2d246b81-c2c2&#8243;][vc_column_text css=&#8221;&#8221;]V Paywiser spletno aplikacijo se prijavite s svojim e-naslovom in geslom ter izberite mo\u017enost dvofaktorske avtorizacije. Prejeli boste kodo za potrditev prijave, ki jo vpi\u0161ite in dostopite do svojega uporabni\u0161kega ra\u010duna. V spletni aplikaciji lahko upravljate va\u0161e pla\u010dilne ra\u010dune.[\/vc_column_text][\/vc_tta_section][vc_tta_section title=&#8221;3. Kaj se zgodi, \u010de vstopno geslo pozabim?&#8221; tab_id=&#8221;1752584722495-893c3d64-291d&#8221;][vc_column_text css=&#8221;&#8221;]\u010ce se vam zgodi, da pozabite geslo, izberite mo\u017enost &#8216;<strong>Forgot Password<\/strong>&#8216; nad poljem za vpis gesla na vstopni strani v spletno aplikacijo. Po kliku na to izbiro vpi\u0161ite va\u0161 e-naslov, ki ste ga navedli pri registraciji v Paywiser ra\u010dun. Ta na e-naslov boste prejeli navodila za ponastavitev gesla.[\/vc_column_text][\/vc_tta_section][vc_tta_section title=&#8221;4. Kje lahko zamenjam vstopno geslo?&#8221; tab_id=&#8221;1752585013432-43491350-4a3b&#8221;][vc_column_text css=&#8221;&#8221;]Geslo lahko zamenjate v spletni aplikaciji pod zavihkom &#8216;<strong>Settings<\/strong>&#8216;.[\/vc_column_text][\/vc_tta_section][vc_tta_section title=&#8221;5. Kje lahko zamenjam privzeto dvofaktorsko avtentikacijo?&#8221; tab_id=&#8221;1752585037409-10008b68-7385&#8243;][vc_column_text css=&#8221;&#8221;]V spletni aplikaciji pod zavihkom &#8216;<strong>Settings<\/strong>&#8216; lahko izberete privzeti na\u010din po\u0161iljanja dvofaktorske kode.[\/vc_column_text][\/vc_tta_section][vc_tta_section title=&#8221;6. Kje lahko vidim informacije o mojem Paywiser pla\u010dilnem ra\u010dunu?&#8221; tab_id=&#8221;1752585062066-e20593cf-9a42&#8243;][vc_column_text css=&#8221;&#8221;]V spletni aplikaciji so ra\u010duni navedeni pod zavihkom \u2018Home\u2019. S klikom na &#8216;<strong>Details<\/strong>&#8216; se odpre ve\u010d informacij o izbranem ra\u010dunu.[\/vc_column_text][\/vc_tta_section][vc_tta_section title=&#8221;7. Kako naka\u017eem denar na svoj Paywiser pla\u010dilni ra\u010dun?&#8221; tab_id=&#8221;1752585087288-d4a27b42-9399&#8243;][vc_column_text css=&#8221;&#8221;]\u010ce \u017eelite dodati denar na svoj ra\u010dun Paywiser, naka\u017eite na ta ra\u010dun sredstva s kateregakoli drugega transakcijskega ra\u010duna z obi\u010dajnim ban\u010dnim nakazilom.[\/vc_column_text][\/vc_tta_section][vc_tta_section title=&#8221;8. Kje lahko pogledam stanje na mojih Paywiser ra\u010dunih?&#8221; tab_id=&#8221;1752585115488-dfe1459e-b111&#8243;][vc_column_text css=&#8221;&#8221;]V spletni aplikaciji so pod zavihkom &#8216;<strong>Home<\/strong>&#8216; izpisani vsi ra\u010duni, ki jih ima uporabnik v lasti. Prikazano je tudi stanje na posameznih ra\u010dunih.[\/vc_column_text][\/vc_tta_section][vc_tta_section title=&#8221;9. Kje lahko vidim svoj mese\u010dni izpisek?&#8221; tab_id=&#8221;1752585144172-e11239b1-78f5&#8243;][vc_column_text css=&#8221;&#8221;]V spletni aplikaciji zgoraj desno izberite ikono \u2018Statement\u2019 ter obra\u010dun transakcij za izbrani mesec pod &#8216;<strong>Account Statement<\/strong>&#8216;. Izpiski so organizirani po imetni\u0161kih ra\u010dunih in po mesecih. Izbrani izpisek se prika\u017ee v PDF obliki, lahko ga shranite na osebni ra\u010dunalnik in po potrebi natisnete.[\/vc_column_text][\/vc_tta_section][vc_tta_section title=&#8221;10. Kje lahko pogledam zgodovino transakcij na svojih Paywiser ra\u010dunih?&#8221; tab_id=&#8221;1752585167342-0537cd02-27be&#8221;][vc_column_text css=&#8221;&#8221;]V spletni aplikaciji pod zavihkom &#8216;<strong>Home<\/strong>&#8216; izberite &#8216;<strong>List of transactions<\/strong>&#8216;, da se izpi\u0161ejo zadnje transakcije. Lahko pogledate vse transakcije ali pa jih lo\u010dite glede na \u017eeleno valuto, datum ali lokacijo.[\/vc_column_text][\/vc_tta_section][vc_tta_section title=&#8221;11. Ali lahko izvozim seznam transakcij?&#8221; tab_id=&#8221;1752585193125-424211cd-c020&#8243;][vc_column_text css=&#8221;&#8221;]V spletni aplikaciji pod zavihkom &#8216;<strong>Home<\/strong>&#8216; kliknite na &#8216;<strong>List of transactions<\/strong>&#8216;, nato izberite ikono \u2018<strong>ve\u010d<\/strong>\u2019 (ikona 3 pike v meniju na desni). Izberite transakcije, ki jih \u017eelite izvoziti (z uporabo gumba CTRL in klikom na \u017eeleno transakcijo), nato kliknite na enega od gumbov za izvoz.[\/vc_column_text][\/vc_tta_section][vc_tta_section title=&#8221;12. Kako naredim transakcijo preko spletnega portala?&#8221; tab_id=&#8221;1752585224678-b03f5458-1c6a&#8221;][vc_column_text css=&#8221;&#8221;]Transakcijo izvedete v spletni aplikaciji, v zavihku &#8216;<strong>Transaction<\/strong>&#8216;.<br \/>\nV zavihku &#8216;<strong>1. Debit From<\/strong>&#8216; izberite ra\u010dun, iz katerega boste poslali sredstva ter sledite nadaljnjim korakom, skozi katere vas vodi aplikacija.[\/vc_column_text][\/vc_tta_section][vc_tta_section title=&#8221;13. Kje lahko dodam svoje stike \/ prejemnike pla\u010dil?&#8221; tab_id=&#8221;1752585254025-0396942a-1877&#8243;][vc_column_text css=&#8221;&#8221;]V spletni aplikaciji pod zavihkom &#8216;<strong>Payee<\/strong>&#8216;, s klikom na &#8216;<strong>Add Payee<\/strong>&#8216;, vpi\u0161ite svoje stike.<br \/>\nV zavihku &#8216;<strong>1.Profile<\/strong>&#8216; pod &#8216;<strong>Profile Name<\/strong>&#8216; vpi\u0161ite ime prejemnika, ki ga \u017eelite dodati ter sledite nadaljnjim korakom, skozi katere vas vodi aplikacija.[\/vc_column_text][\/vc_tta_section][vc_tta_section title=&#8221;14. Kaj pomeni pri vpisu novega stika kratica BIC \/ SWIFT Code?&#8221; tab_id=&#8221;1752585281750-60583e1f-e77b&#8221;][vc_column_text css=&#8221;&#8221;]Vsaka banka ima edinstveno kodo SWIFT. Obi\u010dajno jo sestavlja 11 znakov, razdeljenih v \u0161tiri skupine: prva je sestavljena iz \u0161tirih \u010drk za identifikacijo banke, druga iz dveh \u010drk za identifikacijo dr\u017eave, tretja iz dveh \u010drk za navedbo lokacije banke in \u010detrta (neobvezna) iz treh \u0161tevilk za dolo\u010ditev podru\u017enice prejemnice.[\/vc_column_text][\/vc_tta_section][vc_tta_section title=&#8221;15. Kaj pomeni pri vpisu novega stika kratica UK sort code?&#8221; tab_id=&#8221;1752585308708-5c3c03fc-91f3&#8243;][vc_column_text css=&#8221;&#8221;]To je \u0161estmestna \u0161tevilka, ki ozna\u010duje va\u0161o banko. Obi\u010dajno je razdeljena v pare, prvi dve \u0161tevilki dolo\u010data za katero banko gre, zadnje \u0161tiri \u0161tevilke pa se nana\u0161ajo na dolo\u010deno podru\u017enico banke, v kateri ste odprli ra\u010dun.[\/vc_column_text][\/vc_tta_section][vc_tta_section title=&#8221;16. Kak\u0161en je urnik obdelave transakcij?&#8221; tab_id=&#8221;1752585335691-c3585a52-b457&#8243;][vc_column_text css=&#8221;&#8221;]Pla\u010dila, poslana znotraj ekosistema Paywiser (tj. Med ra\u010duni Centrolink), se izvedejo takoj. Pla\u010dila, poslana na ban\u010dne ra\u010dune zunaj Paywiserja, bodo prispela isti ali naslednji dan, odvisno od tega, kdaj je bil pla\u010dilni nalog poslan.<\/p>\n<p>\u010ce je pla\u010dilo spro\u017eeno pred iztekom roka in potrjeno s strani Paywiserja, bodo sredstva na va\u0161em ra\u010dunu bremenjena z valuto istega dne. Izvr\u0161itev istega dne morda ne bo izpolnjena za pla\u010dila, ki so zadr\u017eana zaradi dodatnih preverjanj.<br \/>\nObdelava prejetih in internih pla\u010dil se ustavi ob 19:00 CET\/CEST.<\/p>\n<p>Za pla\u010dila, ki vklju\u010dujejo pretvorbo valute, bodo sredstva posredovana na\u0161i partnerski banki po poravnavi menjave FX. Re\u0161itev je avtomatizirana in deluje po najbolj\u0161ih mo\u010deh. Veljajo obi\u010dajne omejitve in pragovi za trgovanje z valutami.[\/vc_column_text][\/vc_tta_section][vc_tta_section title=&#8221;17. Kaj deluje &#8216; Foreign exchange &#8216; pretvornik tujih valut?&#8221; tab_id=&#8221;1752585398383-affb4c6f-3e8d&#8221;][vc_column_text css=&#8221;&#8221;]&#8217;<strong>Foreign exchange<\/strong>&#8216; (forex exchange oz. devizna menjava) je pretvorba valute ene dr\u017eave v valuto druge dr\u017eave. V spletni aplikaciji, v zavihku \u2018<strong>Foreign exchange<\/strong>&#8216; izberite valuto, ki jo \u017eelite zamenjati in vpi\u0161ite znesek. Nato izberite valuto, v katero \u017eelite \u017eeleni znesek zamenjati. Kliknite na gumb \u2018Next\u2019 za prikaz izra\u010duna po menjalnem te\u010daju. Kliknite na \u2018Confirm\u2019, \u010de \u017eelite izvesti menjavo. Izvedbo transakcije boste potrdili s privzeto metodo avtentikacije. Izra\u010dun je veljaven 30 sekund, transakcija mora biti potrjena v tem \u010dasu.[\/vc_column_text][\/vc_tta_section][vc_tta_section title=&#8221;18. Kam se lahko obrnem v primeru te\u017eav s spletno aplikacijo?&#8221; tab_id=&#8221;1752585432607-8a4937f8-0351&#8243;][vc_column_text css=&#8221;&#8221;]V primeru kakr\u0161nihkoli te\u017eav se lahko obrnete na nas na e-naslov\u00a0<a href=\"mailto:tech.support@paywiser.eu\">tech.support@paywiser.eu<\/a>.[\/vc_column_text][\/vc_tta_section][vc_tta_section title=&#8221;19. Kdo zagotavlja ban\u010dne storitve?&#8221; tab_id=&#8221;1752585465677-6d52a00a-570b&#8221;][vc_column_text css=&#8221;&#8221;]Paywiser je ponudnik pla\u010dilnih storitev, ki jih zagotavlja v sodelovanju z CentroLink, ki je ponudnik ban\u010dnih storitev in je polno licencirana ban\u010dna in\u0161titucija nove generacije s sede\u017eem v Litvi.[\/vc_column_text][\/vc_tta_section][\/vc_tta_accordion][\/vc_column][\/vc_row]<\/p>\n<\/div>","protected":false},"excerpt":{"rendered":"<p>[vc_row][vc_column][vc_column_text css=&#8221;&#8221;] Radi bi vam ponudili nemoteno izku\u0161njo pla\u010devanja, brez stresa, dvomov in neodgovorjenih vpra\u0161anj. Preverite odgovore na najpogostej\u0161a vpra\u0161anja [\/vc_column_text][\/vc_column][\/vc_row][vc_row][vc_column][vc_tta_accordion active_section=&#8221;0&#8243;][vc_tta_section title=&#8221;1. Kako odprem Paywiser pla\u010dilni ra\u010dun?&#8221; tab_id=&#8221;1752584610011-69cbe474-a7ae&#8221;][vc_column_text css=&#8221;&#8221;]Na spletni strani www.paywiser.eu izpolnite prijavni obrazec, ki se odpre s klikom na gumb \u2018Apply now\u2019. Od vas zahtevamo le tiste informacije, ki so potrebne za [&hellip;]<\/p>\n","protected":false},"author":1,"featured_media":0,"parent":0,"menu_order":0,"comment_status":"closed","ping_status":"closed","template":"one-page-template.php","meta":{"footnotes":""},"class_list":["post-5550","page","type-page","status-publish","hentry"],"_links":{"self":[{"href":"https:\/\/paywiser.eu\/index.php\/wp-json\/wp\/v2\/pages\/5550","targetHints":{"allow":["GET"]}}],"collection":[{"href":"https:\/\/paywiser.eu\/index.php\/wp-json\/wp\/v2\/pages"}],"about":[{"href":"https:\/\/paywiser.eu\/index.php\/wp-json\/wp\/v2\/types\/page"}],"author":[{"embeddable":true,"href":"https:\/\/paywiser.eu\/index.php\/wp-json\/wp\/v2\/users\/1"}],"replies":[{"embeddable":true,"href":"https:\/\/paywiser.eu\/index.php\/wp-json\/wp\/v2\/comments?post=5550"}],"version-history":[{"count":11,"href":"https:\/\/paywiser.eu\/index.php\/wp-json\/wp\/v2\/pages\/5550\/revisions"}],"predecessor-version":[{"id":5762,"href":"https:\/\/paywiser.eu\/index.php\/wp-json\/wp\/v2\/pages\/5550\/revisions\/5762"}],"wp:attachment":[{"href":"https:\/\/paywiser.eu\/index.php\/wp-json\/wp\/v2\/media?parent=5550"}],"curies":[{"name":"wp","href":"https:\/\/api.w.org\/{rel}","templated":true}]}}