{"id":5546,"date":"2025-07-03T12:33:20","date_gmt":"2025-07-03T11:33:20","guid":{"rendered":"http:\/\/localhost\/wordpress\/?page_id=5546"},"modified":"2025-08-19T10:42:02","modified_gmt":"2025-08-19T09:42:02","slug":"izjava-o-dostopnosti","status":"publish","type":"page","link":"https:\/\/paywiser.eu\/index.php\/izjava-o-dostopnosti\/","title":{"rendered":"Izjava o dostopnosti"},"content":{"rendered":"<p>Paywiser se zavezuje, da bo zagotavljal dostopnost svojega spleti\u0161\u010da v skladu z Zakonom o dostopnosti do proizvodov in storitev za invalide (Uradni list RS, \u0161t. 14\/23) in Direktivo EU 2016\/2102 Evropskega parlamenta in Sveta.<\/p>\n<p>Ta izjava o dostopnosti se nana\u0161a na spletno mesto Paywiser:\u00a0<a href=\"https:\/\/www.paywiser.eu\/\" target=\"_blank\" rel=\"noopener\">www.paywiser.eu<\/a><\/p>\n<p><strong>Stopnja skladnosti<\/strong><\/p>\n<p>Spleti\u0161\u010de www.paywiser.eu je trenutno delno skladno z Zakonom o dostopnosti do proizvodov in storitev za invalide zaradi spodaj navedenih neskladnosti.<\/p>\n<p>Spleti\u0161\u010de omogo\u010da:<\/p>\n<ul>\n<li>izbiro velikosti pisave v okviru uporabljenega brskalnika,<\/li>\n<li>prikaz polo\u017eaja, kjer na spleti\u0161\u010du se uporabnik trenutno nahaja (t. i. drobtinice),<\/li>\n<li>uporaba navigacije po glavnem meniju je mogo\u010da s tipkovnico brez uporabe mi\u0161ke,<\/li>\n<li>novej\u0161im grafi\u010dnim elementom so dodani alternativni opisi,<\/li>\n<li>urejeni so ustrezni barvni kontrasti med besedilom in ozadjem,<\/li>\n<li>naslovi imajo ustrezne ravni in tako omogo\u010dajo uporabo podpornih tehnologij (npr. bralniki zaslona).<\/li>\n<\/ul>\n<p><strong>Nedostopna vsebina<\/strong><\/p>\n<p>Trenutno spleti\u0161\u010de vsebuje nekatere nedostopne elemente, kot so starej\u0161e multimedijske vsebine in kompleksni grafi\u010dni prikazi. Prilagoditev teh elementov bi trenutno predstavljala nesorazmerno breme zaradi zahtevnih posegov v programsko kodo. Za prilagoditev tak\u0161nih delov spleti\u0161\u010da si bomo prizadevali ob na\u010drtovanju novih nadgradenj.<\/p>\n<p>Mobilna aplikacija Paywiser je aplikacija, ki fizi\u010dnim osebam omogo\u010da elektronski vpogled v podatke, za vse storitve, ki jih uporablja preko Paywiser. Skladnost z Zakonom o dostopnosti spleti\u0161\u010d in mobilnih aplikacij bo za to aplikacijo urejen ob naslednji ve\u010dji nadgradnji.<\/p>\n<p><strong>Priprava izjave o dostopnosti<\/strong><\/p>\n<p>Ta izjava je bila pripravljena 28. junija 2025 na podlagi samoocene.<\/p>\n<p><strong>Povratne in kontaktne informacije<\/strong><\/p>\n<p>Obvestila o neskladnostih, zahtevah po informacijah ali dostopni vsebini sprejemamo:<\/p>\n<ul>\n<li>po po\u0161ti na naslov: Paywiser d.o.o., Bravni\u010darjeva ulica 13, 1000 Ljubljana<\/li>\n<li>ali na e-naslov:\u00a0<a href=\"mailto:info@paywiser.eu\">info@paywiser.eu<\/a><\/li>\n<\/ul>\n<p><strong>Izvr\u0161ilni postopek<\/strong><\/p>\n<p>V primeru odstopanj od dolo\u010db ZDPSI lahko podate prijavo In\u0161pektoratu za informacijsko dru\u017ebo:<\/p>\n<address>Ministrstvo za digitalno preobrazbo,<br \/>\nIn\u0161pektorat RS za informacijsko dru\u017ebo<br \/>\nDav\u010dna ulica 1<br \/>\n1000 Ljubljana<br \/>\ntelefon: 01 555 58 48<br \/>\ne-naslov:\u00a0<a href=\"mailto:gp.irsid@gov.si\">gp.irsid@gov.si<\/a><\/address>\n","protected":false},"excerpt":{"rendered":"<p>Paywiser se zavezuje, da bo zagotavljal dostopnost svojega spleti\u0161\u010da v skladu z Zakonom o dostopnosti do proizvodov in storitev za invalide (Uradni list RS, \u0161t. 14\/23) in Direktivo EU 2016\/2102 Evropskega parlamenta in Sveta. Ta izjava o dostopnosti se nana\u0161a na spletno mesto Paywiser:\u00a0www.paywiser.eu Stopnja skladnosti Spleti\u0161\u010de www.paywiser.eu je trenutno delno skladno z Zakonom o [&hellip;]<\/p>\n","protected":false},"author":1,"featured_media":0,"parent":0,"menu_order":0,"comment_status":"closed","ping_status":"closed","template":"one-page-template.php","meta":{"footnotes":""},"class_list":["post-5546","page","type-page","status-publish","hentry"],"_links":{"self":[{"href":"https:\/\/paywiser.eu\/index.php\/wp-json\/wp\/v2\/pages\/5546","targetHints":{"allow":["GET"]}}],"collection":[{"href":"https:\/\/paywiser.eu\/index.php\/wp-json\/wp\/v2\/pages"}],"about":[{"href":"https:\/\/paywiser.eu\/index.php\/wp-json\/wp\/v2\/types\/page"}],"author":[{"embeddable":true,"href":"https:\/\/paywiser.eu\/index.php\/wp-json\/wp\/v2\/users\/1"}],"replies":[{"embeddable":true,"href":"https:\/\/paywiser.eu\/index.php\/wp-json\/wp\/v2\/comments?post=5546"}],"version-history":[{"count":4,"href":"https:\/\/paywiser.eu\/index.php\/wp-json\/wp\/v2\/pages\/5546\/revisions"}],"predecessor-version":[{"id":6258,"href":"https:\/\/paywiser.eu\/index.php\/wp-json\/wp\/v2\/pages\/5546\/revisions\/6258"}],"wp:attachment":[{"href":"https:\/\/paywiser.eu\/index.php\/wp-json\/wp\/v2\/media?parent=5546"}],"curies":[{"name":"wp","href":"https:\/\/api.w.org\/{rel}","templated":true}]}}