{"id":5523,"date":"2025-07-03T09:32:39","date_gmt":"2025-07-03T08:32:39","guid":{"rendered":"http:\/\/localhost\/wordpress\/?page_id=5523"},"modified":"2025-09-11T07:59:05","modified_gmt":"2025-09-11T06:59:05","slug":"o-nas","status":"publish","type":"page","link":"https:\/\/paywiser.eu\/index.php\/o-nas\/","title":{"rendered":"O Nas"},"content":{"rendered":"<div class=\"wpb-content-wrapper\"><p>[vc_row][vc_column][\/vc_column][\/vc_row][vc_row el_class=&#8221;wide-ipad bold_design&#8221;][vc_column width=&#8221;1\/2&#8243;]<div class=\"ult-content-box-container \" >\t\t<div class=\"ult-content-box\" style=\"box-shadow: px px px px none;margin-right:120px;-webkit-transition: all 700ms ease;-moz-transition: all 700ms ease;-ms-transition: all 700ms ease;-o-transition: all 700ms ease;transition: all 700ms ease;\"  data-hover_box_shadow=\"none\"   data-responsive_margins=\"margin:0px;\"   data-normal_margins=\"margin-right:120px;\"  >[vc_row_inner el_class=&#8221;text-outline-cont&#8221;][vc_column_inner][vc_custom_heading text=&#8221;&#8221; font_container=&#8221;tag:h2|text_align:left&#8221; use_theme_fonts=&#8221;yes&#8221; css=&#8221;&#8221; el_class=&#8221;text-outline-1&#8243;][vc_custom_heading text=&#8221;PAYWISER je ponudnik pla\u010dilnih storitev na enem mestu.&#8221; font_container=&#8221;tag:h2|text_align:left|color:%231598D5&#8243; use_theme_fonts=&#8221;yes&#8221; css=&#8221;&#8221; el_class=&#8221;text-outline-3&#8243;][\/vc_column_inner][\/vc_row_inner][vc_row_inner][vc_column_inner]<div id=\"ultv-8301\" class=\"ult-dual-color ult-adjust-bottom-margin ult-dual-color-responsive-none ultv-8301 section-title-inline \"><div class=\"ult-module-content ult-dual-color-heading\" style=\"text-align:left;\">\n\t\t\t\t\t\t<h3><span class=\"ult-before-heading\">\n\t\t\t\t\t\t\t\t\t<span class=\"ult-dual-heading-text ult-first-text ult-responsive\"  data-ultimate-target='.ult-dual-color.ultv-8301 .ult-dual-heading-text'  data-responsive-json-new='{\"font-size\":\"\",\"line-height\":\"\"}'  style=\"color:#ffffff; background-color:#000000;    border:none; font-family:&#039;Roboto&#039;;font-weight:500;\">PW<\/span>\n\t\t\t\t\t\t\t\t<\/span><span class=\"ult-adv-heading\" style=\"\">\n\t\t\t\t\t\t\t\t\t<span class=\"ult-dual-adv-heading-text ult-highlight-text ult-responsive\"  data-ultimate-target='.ult-dual-color.ultv-8301 .ult-highlight-text'  data-responsive-json-new='{\"font-size\":\"desktop:23px;mobile:21px;\",\"line-height\":\"desktop:41px;mobile:35px;\"}'  style=\"color:#1598D5;     border:none; font-family:&#039;Roboto&#039;;font-weight:normal;font-style:normal;\">nasveti za licenciranje - \u201aBIN sponzor\u2018 podpora - pla\u010dilne kartic - sprejemanje pla\u010dil - ve\u010dvalutni ra\u010duni<\/span>\n\t\t\t\t\t\t\t\t<\/span><\/h3> <\/div><\/div>[\/vc_column_inner][\/vc_row_inner][vc_empty_space height=&#8221;40px&#8221;][vc_row_inner][vc_column_inner]<div class=\" vc_custom_1752839536864 ubtn-ctn-left only-text-button underline small_letter_space\"><a class=\"link-hover-anim ubtn-link ult-adjust-bottom-margin ubtn-left ubtn-normal only-text-button underline small_letter_space\" href=\"https:\/\/paywiser.eu\/index.php\/kontakt\/\" title=\"Contact\"  data-link-animate=\"y\"><button type=\"button\" id=\"ubtn-3747\"  class=\"ubtn ult-adjust-bottom-margin ult-responsive ubtn-normal ubtn-no-hover-bg  none  ubtn-left   tooltip-69ee1f8dd8e48\"  data-hover=\"#000000\" data-border-color=\"\" data-bg=\"rgba(224,224,224,0.01)\" data-hover-bg=\"rgba(0,0,0,0.01)\" data-border-hover=\"\" data-shadow-hover=\"\" data-shadow-click=\"none\" data-shadow=\"\" data-shd-shadow=\"\"  data-ultimate-target='#ubtn-3747'  data-responsive-json-new='{\"font-size\":\"desktop:17px;\",\"line-height\":\"\"}'  style=\"font-family:&#039;DM Sans&#039;;font-weight:500;border:none;background: rgba(224,224,224,0.01);color: #1598D5;\"><span class=\"ubtn-data ubtn-icon\"><i class=\"none\" style=\"font-size:0px;color:#010101;\"><\/i><\/span><span class=\"ubtn-hover\" style=\"background-color:rgba(0,0,0,0.01)\"><\/span><span class=\"ubtn-data ubtn-text \" >Kontaktirajte nas za ve\u010d informacij<\/span><\/button><\/a><\/div>[\/vc_column_inner][\/vc_row_inner]\t\t<\/div><\/div>[\/vc_column][vc_column css_animation=&#8221;fadeInUp&#8221; width=&#8221;1\/2&#8243;]<div class=\"ult-spacer spacer-69ee1f8dd8ef3\" data-id=\"69ee1f8dd8ef3\" data-height=\"\" data-height-mobile=\"70\" data-height-tab=\"\" data-height-tab-portrait=\"100\" data-height-mobile-landscape=\"70\" style=\"clear:both;display:block;\"><\/div>[vc_tta_accordion color=&#8221;black&#8221; active_section=&#8221;-1&#8243; collapsible_all=&#8221;true&#8221;][vc_tta_section title=&#8221;Va\u0161 denar je varen in za\u0161\u010diten.&#8221; tab_id=&#8221;brand-strategy&#8221;][vc_column_text css=&#8221;&#8221;]<span style=\"color: #1598d5;\"><strong>Upo\u0161tevamo vse standarde in najbolj\u0161e prakse bran\u017ee, da zagotovimo za\u0161\u010dito va\u0161ih sredstev.<\/strong><\/span><\/p>\n<p>Varnost sredstev na\u0161ih strank ali uporabnikov na\u0161ih storitev zagotavljamo tako, da sredstva strank hranimo na lo\u010denem ra\u010dunu, odprtem pri varovalni komercialni partnerski banki. Ta sredstva se \u0161tejejo za sredstva tretjih oseb in so lo\u010dena od sredstev podjetja Paywiser. Shema za nadomestilo za finan\u010dne storitve (FSCS) se ne uporablja.[\/vc_column_text][\/vc_tta_section][vc_tta_section title=&#8221;Izberite na\u0161e storitve: ve\u010dvalutni ra\u010dun &amp; sprejemanje pla\u010dil &amp; Mastercard MoneySend nakazila!&#8221; tab_id=&#8221;web-design&#8221;][vc_column_text css=&#8221;&#8221;]Ponujamo vam re\u0161itev \u201ana klju\u010d\u2018, ki ustreza va\u0161emu poslu. Ne samo, da nudimo tehnolo\u0161ke re\u0161itve, za vas upravljamo licenciranje, prepre\u010devanje pranja denarja in goljufij ter skladnost in druge regulatorne vidike. Dodajamo \u0161e na\u0161e tr\u017eno znanje in ekspertizo, ki temelji na dolgoletnih izku\u0161njah v industriji.<\/p>\n<p>Povezujemo vse klju\u010dne in relevantne partnerje v ban\u010dnem in pla\u010dilnem ekosistemu ter vas podpiramo s 360 pristopom.<\/p>\n<h5><strong><span style=\"color: #1598d5;\">Tako vam ni potrebno vzpostavljati partnerstev.<\/span><\/strong><\/h5>\n<p>[\/vc_column_text][\/vc_tta_section][vc_tta_section title=&#8221;Paywiser je imetnik licence za izdajanje e-denarja v Evropskem gospodarskem prostoru (EGP)&#8221; tab_id=&#8221;art-direction&#8221;][vc_column_text css=&#8221;&#8221;]Paywiser je imetnik licence za izdajanje e-denarja v Evropskem gospodarskem prostoru (EGP).<\/p>\n<p>Zasnovan kot tehnolo\u0161ki ponudnik z \u201aAPI pristopom\u2018 ter s strokovnim znanjem, obogatenim s poslovnimi izku\u0161njami,\u00a0<span style=\"color: #1598d5;\"><strong>Paywiser deluje kot globalni ponudnik celovitih storitev inovativnih pla\u010dilnih re\u0161itev<\/strong><\/span>.<\/p>\n<p>Priporo\u010damo in omogo\u010damo optimalne re\u0161itve za \u0161iritev va\u0161ega podjetja ali izpolnjevanje va\u0161ih individualnih potreb.<\/p>\n<h5><span style=\"color: #1598d5;\">Naj vam prihranimo \u010das!<\/span><\/h5>\n<p>[\/vc_column_text][\/vc_tta_section][vc_tta_section title=&#8221;Zagotavljamo neposredno integracijo s karti\u010dnimi shemami&#8221; tab_id=&#8221;web-development&#8221;][vc_column_text css=&#8221;&#8221;]vklju\u010dno z enotno skladno povezavo med vami in mre\u017eo karti\u010dne sheme, kar omogo\u010da obdelavo transakcij in poravnavo sredstev imetnikov kartice.<\/p>\n<p>To \u201aBIN sponzorstvo\u2018 je hitra alternativa za vse, ki \u017eelite na trgu ponuditi pla\u010dilni produkt, ne da bi za to morali pridobiti neposredno \u010dlanstvo v karti\u010dni shemi. Zagotavlja, da va\u0161 program upo\u0161teva pravila sheme in regulatorne zahteve.<\/p>\n<h5><span style=\"color: #1598d5;\">Podpiramo vas pri pospe\u0161evanju va\u0161ega poslovanja z uporabo na\u0161ega tr\u017enega znanja in vpogleda v podatke.<\/span><\/h5>\n<p>[\/vc_column_text][\/vc_tta_section][vc_tta_section reso_accordion_image=&#8221;6007&#8243; title=&#8221;Zavezujemo se, da bomo spo\u0161tovali EU zakonodajo in ravnali pravilno.&#8221; tab_id=&#8221;marketing&#8221;][vc_column_text css=&#8221;&#8221;]<strong><span style=\"color: #1598d5;\">Paywiserjeve licence in certifikati<\/span><\/strong><\/p>\n<p>nosilec licence Banke Slovenija za izdajanje elektronskega denarja \u2013 z dovoljenjem za opravljanje storitev v ostalih dr\u017eavah EGP (EEA Passport)<\/p>\n<p><strong><span style=\"color: #1598d5;\">Paywiser je ponudnik storitev s PCI DSS Level 1 certifikatom<\/span><\/strong><br \/>\nPridobili smo certifikat, ki ga izdajateljem in obdelovalcem pla\u010dilnih kartic podeljuje Svet za varnostne standarde v industriji pla\u010dilnih kartic (Payment Card Industry Data Security Standards \u2013 PCI DSS). S tem certifikatom izkazujemo na\u0161o zavezanost k ohranjanju najvi\u0161je ravni varnosti informacij, da bi za\u0161\u010ditili zaupne podatke strank.<\/p>\n<p><strong><span style=\"color: #1598d5;\">Glavno \u010dlanstvo:<\/span><\/strong><br \/>\nMastercard Sprejemanje pla\u010dil in izdajanje kartic[\/vc_column_text][\/vc_tta_section][\/vc_tta_accordion][\/vc_column][\/vc_row][vc_row][vc_column][vc_empty_space][vc_empty_space][vc_empty_space][vc_empty_space][vc_empty_space][\/vc_column][\/vc_row][vc_row][vc_column][\/vc_column][\/vc_row][vc_row][vc_column][\/vc_column][\/vc_row]<\/p>\n<\/div>","protected":false},"excerpt":{"rendered":"<p>[vc_row][vc_column][\/vc_column][\/vc_row][vc_row el_class=&#8221;wide-ipad bold_design&#8221;][vc_column width=&#8221;1\/2&#8243;][\/vc_column][vc_column css_animation=&#8221;fadeInUp&#8221; width=&#8221;1\/2&#8243;][vc_tta_accordion color=&#8221;black&#8221; active_section=&#8221;-1&#8243; collapsible_all=&#8221;true&#8221;][vc_tta_section title=&#8221;Va\u0161 denar je varen in za\u0161\u010diten.&#8221; tab_id=&#8221;brand-strategy&#8221;][vc_column_text css=&#8221;&#8221;]Upo\u0161tevamo vse standarde in najbolj\u0161e prakse bran\u017ee, da zagotovimo za\u0161\u010dito va\u0161ih sredstev. Varnost sredstev na\u0161ih strank ali uporabnikov na\u0161ih storitev zagotavljamo tako, da sredstva strank hranimo na lo\u010denem ra\u010dunu, odprtem pri varovalni komercialni partnerski banki. Ta sredstva se \u0161tejejo [&hellip;]<\/p>\n","protected":false},"author":1,"featured_media":0,"parent":0,"menu_order":0,"comment_status":"closed","ping_status":"closed","template":"page.php","meta":{"footnotes":""},"class_list":["post-5523","page","type-page","status-publish","hentry"],"_links":{"self":[{"href":"https:\/\/paywiser.eu\/index.php\/wp-json\/wp\/v2\/pages\/5523","targetHints":{"allow":["GET"]}}],"collection":[{"href":"https:\/\/paywiser.eu\/index.php\/wp-json\/wp\/v2\/pages"}],"about":[{"href":"https:\/\/paywiser.eu\/index.php\/wp-json\/wp\/v2\/types\/page"}],"author":[{"embeddable":true,"href":"https:\/\/paywiser.eu\/index.php\/wp-json\/wp\/v2\/users\/1"}],"replies":[{"embeddable":true,"href":"https:\/\/paywiser.eu\/index.php\/wp-json\/wp\/v2\/comments?post=5523"}],"version-history":[{"count":80,"href":"https:\/\/paywiser.eu\/index.php\/wp-json\/wp\/v2\/pages\/5523\/revisions"}],"predecessor-version":[{"id":6355,"href":"https:\/\/paywiser.eu\/index.php\/wp-json\/wp\/v2\/pages\/5523\/revisions\/6355"}],"wp:attachment":[{"href":"https:\/\/paywiser.eu\/index.php\/wp-json\/wp\/v2\/media?parent=5523"}],"curies":[{"name":"wp","href":"https:\/\/api.w.org\/{rel}","templated":true}]}}