{"id":5502,"date":"2025-07-03T08:40:09","date_gmt":"2025-07-03T07:40:09","guid":{"rendered":"http:\/\/localhost\/wordpress\/?page_id=5502"},"modified":"2025-09-08T07:32:54","modified_gmt":"2025-09-08T06:32:54","slug":"kontakt","status":"publish","type":"page","link":"https:\/\/paywiser.eu\/index.php\/kontakt\/","title":{"rendered":"Kontakt"},"content":{"rendered":"<div class=\"wpb-content-wrapper\"><p>[vc_row equal_height=&#8221;yes&#8221; content_placement=&#8221;middle&#8221; css_animation=&#8221;none&#8221; el_id=&#8221;contacts&#8221;][vc_column css_animation=&#8221;fadeInUp&#8221;]<div id=\"ultv-9928\" class=\"ult-dual-color ult-adjust-bottom-margin ult-dual-color-responsive-none ultv-9928 mark-decoration-2 \"><div class=\"ult-module-content ult-dual-color-heading\" style=\"text-align:center;\">\n\t\t\t\t\t\t<h5><span class=\"ult-before-heading\">\n\t\t\t\t\t\t\t\t\t<span class=\"ult-dual-heading-text ult-first-text ult-responsive\"  data-ultimate-target='.ult-dual-color.ultv-9928 .ult-dual-heading-text'  data-responsive-json-new='{\"font-size\":\"\",\"line-height\":\"\"}'  style=\"color:#111111;     border:none; font-weight:normal;\">LET&#039;S<\/span>\n\t\t\t\t\t\t\t\t<\/span><span class=\"ult-adv-heading\" style=\"\">\n\t\t\t\t\t\t\t\t\t<span class=\"ult-dual-adv-heading-text ult-highlight-text ult-responsive\"  data-ultimate-target='.ult-dual-color.ultv-9928 .ult-highlight-text'  data-responsive-json-new='{\"font-size\":\"\",\"line-height\":\"\"}'  style=\"color:#111111;     border:none; font-weight:normal;\">CONNECT<\/span>\n\t\t\t\t\t\t\t\t<\/span><\/h5> <\/div><\/div><div class=\"ult-spacer spacer-69d0f03797738\" data-id=\"69d0f03797738\" data-height=\"25\" data-height-mobile=\"15\" data-height-tab=\"25\" data-height-tab-portrait=\"0\" data-height-mobile-landscape=\"15\" style=\"clear:both;display:block;\"><\/div>[vc_row_inner splitting_chars=&#8221;yes&#8221; el_class=&#8221;wide-ipad&#8221;][vc_column_inner width=&#8221;1\/4&#8243;][\/vc_column_inner][vc_column_inner width=&#8221;1\/2&#8243;][vc_custom_heading text=&#8221;We\u2019d love to hear from you!&#8221; font_container=&#8221;tag:h2|text_align:center&#8221; use_theme_fonts=&#8221;yes&#8221; css_animation=&#8221;charsAnimInLong-1&#8243; css=&#8221;&#8221;][\/vc_column_inner][vc_column_inner width=&#8221;1\/4&#8243;][\/vc_column_inner][\/vc_row_inner]<div class=\"ult-spacer spacer-69d0f03797756\" data-id=\"69d0f03797756\" data-height=\"80\" data-height-mobile=\"40\" data-height-tab=\"\" data-height-tab-portrait=\"60\" data-height-mobile-landscape=\"40\" style=\"clear:both;display:block;\"><\/div>[\/vc_column][\/vc_row][vc_row bg_type=&#8221;bg_color&#8221; bg_override=&#8221;ex-full&#8221; ult_hide_row=&#8221;ult_hide_row_value&#8221; ult_hide_row_mobile=&#8221;mobile&#8221; ult_hide_row_mobile_large=&#8221;xl_mobile&#8221; bg_color_value=&#8221;#ffffff&#8221; el_class=&#8221;wide-ipad&#8221;][vc_column width=&#8221;1\/6&#8243;][\/vc_column][vc_column css_animation=&#8221;fadeInUpShort&#8221; width=&#8221;2\/3&#8243; css=&#8221;.vc_custom_1705096870415{padding-right: 0px !important;padding-left: 0px !important;}&#8221;][vc_row_inner el_class=&#8221;wide-2col unset-landscape&#8221;][vc_column_inner width=&#8221;1\/3&#8243; css=&#8221;.vc_custom_1676745492434{padding-right: 25px !important;padding-left: 15px !important;}&#8221;]<div class=\"ult-animation  ult-animate-viewport  ult-no-mobile \" data-animate=\"fadeIn\" data-animation-delay=\"0\" data-animation-duration=\"1\" data-animation-iteration=\"1\" style=\"opacity:0;\" data-opacity_start_effect=\"\"><div class=\"aio-icon-component   line-in dark style_1\"><div id=\"Info-box-wrap-2287\" class=\"aio-icon-box left-icon\" style=\"\"  ><div class=\"aio-icon-left\"><div class=\"ult-just-icon-wrapper  \"><div class=\"align-icon\" style=\"text-align:center;\">\n<div class=\"aio-icon advanced \"  style=\"color:#ffffff;background:#1598D5;border-style:outset;border-color:#1598D5;border-width:1px;width:55px;height:55px;line-height:55px;border-radius:500px;font-size:25px;display:inline-block;\">\n\t<i class=\"iconsreso-location\"><\/i>\n<\/div><\/div><\/div><\/div><div class=\"aio-ibd-block\"><div class=\"aio-icon-header\" ><h3 class=\"aio-icon-title ult-responsive\"  data-ultimate-target='#Info-box-wrap-2287 .aio-icon-title'  data-responsive-json-new='{\"font-size\":\"desktop:22px;\",\"line-height\":\"\"}'  style=\"color:#111111;\">Naslov<\/h3><\/div> <!-- header --><div class=\"aio-icon-description ult-responsive\"  data-ultimate-target='#Info-box-wrap-2287 .aio-icon-description'  data-responsive-json-new='{\"font-size\":\"desktop:18px;\",\"line-height\":\"\"}'  style=\"\">Bravni\u010darjeva ulica 13, 1000\u00a0Ljubljana<div class=\"aio-icon-read-div\"><a class=\"aio-icon-read\" href=\"https:\/\/maps.app.goo.gl\/JicUo3cF32oxK9tG7\" target=\"_blank\" rel=\"noopener\" >POGLEJ NA ZEMLJEVIDU<\/a><\/div><\/div> <!-- description --><\/div> <!-- aio-ibd-block --><\/div> <!-- aio-icon-box --><\/div> <!-- aio-icon-component --><\/div>[\/vc_column_inner][vc_column_inner width=&#8221;1\/3&#8243; css=&#8221;.vc_custom_1676745484200{padding-right: 0px !important;padding-left: 5px !important;}&#8221;]<div class=\"ult-spacer spacer-69d0f03797add\" data-id=\"69d0f03797add\" data-height=\"\" data-height-mobile=\"40\" data-height-tab=\"\" data-height-tab-portrait=\"\" data-height-mobile-landscape=\"40\" style=\"clear:both;display:block;\"><\/div><div class=\"ult-animation  ult-animate-viewport  ult-no-mobile \" data-animate=\"fadeIn\" data-animation-delay=\"0.2\" data-animation-duration=\"1\" data-animation-iteration=\"1\" style=\"opacity:0;\" data-opacity_start_effect=\"\"><\/div>[\/vc_column_inner][vc_column_inner width=&#8221;1\/3&#8243; css=&#8221;.vc_custom_1676745498111{padding-right: 0px !important;padding-left: 25px !important;}&#8221;]<div class=\"ult-spacer spacer-69d0f03797b18\" data-id=\"69d0f03797b18\" data-height=\"\" data-height-mobile=\"40\" data-height-tab=\"\" data-height-tab-portrait=\"40\" data-height-mobile-landscape=\"40\" style=\"clear:both;display:block;\"><\/div><div class=\"ult-animation  ult-animate-viewport  ult-no-mobile \" data-animate=\"fadeIn\" data-animation-delay=\"0.4\" data-animation-duration=\"1\" data-animation-iteration=\"1\" style=\"opacity:0;\" data-opacity_start_effect=\"\"><div class=\"aio-icon-component   line-in dark style_1\"><div id=\"Info-box-wrap-6591\" class=\"aio-icon-box left-icon\" style=\"\"  ><div class=\"aio-icon-left\"><div class=\"ult-just-icon-wrapper  \"><div class=\"align-icon\" style=\"text-align:center;\">\n<div class=\"aio-icon advanced \"  style=\"color:#ffffff;background:#1598D5;border-style:outset;border-color:#1598D5;border-width:1px;width:55px;height:55px;line-height:55px;border-radius:500px;font-size:25px;display:inline-block;\">\n\t<i class=\"iconsreso-email\"><\/i>\n<\/div><\/div><\/div><\/div><div class=\"aio-ibd-block\"><div class=\"aio-icon-header\" ><h3 class=\"aio-icon-title ult-responsive\"  data-ultimate-target='#Info-box-wrap-6591 .aio-icon-title'  data-responsive-json-new='{\"font-size\":\"desktop:22px;\",\"line-height\":\"\"}'  style=\"color:#111111;\">Email<\/h3><\/div> <!-- header --><div class=\"aio-icon-description ult-responsive\"  data-ultimate-target='#Info-box-wrap-6591 .aio-icon-description'  data-responsive-json-new='{\"font-size\":\"desktop:18px;\",\"line-height\":\"\"}'  style=\"\">Kak\u0161ne re\u0161itve i\u0161\u010dete?<div class=\"aio-icon-read-div\"><a class=\"aio-icon-read\" href=\"mailto:info@paywiser.eu\" >Po\u0161lji sporo\u010dilo<\/a><\/div><\/div> <!-- description --><\/div> <!-- aio-ibd-block --><\/div> <!-- aio-icon-box --><\/div> <!-- aio-icon-component --><\/div>[\/vc_column_inner][\/vc_row_inner]<div class=\"ult-spacer spacer-69d0f03797c03\" data-id=\"69d0f03797c03\" data-height=\"40\" data-height-mobile=\"40\" data-height-tab=\"\" data-height-tab-portrait=\"40\" data-height-mobile-landscape=\"40\" style=\"clear:both;display:block;\"><\/div>[\/vc_column][vc_column width=&#8221;1\/6&#8243;][\/vc_column][\/vc_row][vc_row bg_type=&#8221;bg_color&#8221; bg_override=&#8221;ex-full&#8221; ult_hide_row=&#8221;ult_hide_row_value&#8221; ult_hide_row_large_screen=&#8221;large_screen&#8221; ult_hide_row_desktop=&#8221;desktop&#8221; ult_hide_row_tablet=&#8221;tablet&#8221; ult_hide_row_tablet_small=&#8221;xs_tablet&#8221; bg_color_value=&#8221;#ffffff&#8221; el_id=&#8221;show-only-mobile&#8221;][vc_column css_animation=&#8221;fadeInUpShort&#8221;]<div class=\"ult-content-box-container \" >\t\t<div class=\"ult-content-box\" style=\"box-shadow: px px px px none;margin-top:0px;margin-right:60px;margin-bottom:0px;margin-left:60px;-webkit-transition: all 700ms ease;-moz-transition: all 700ms ease;-ms-transition: all 700ms ease;-o-transition: all 700ms ease;transition: all 700ms ease;\"  data-hover_box_shadow=\"none\"   data-responsive_margins=\"margin:0px;\"   data-normal_margins=\"margin-top:0px;margin-right:60px;margin-bottom:0px;margin-left:60px;\"  >[vc_row_inner el_class=&#8221;wide-2col&#8221;][vc_column_inner width=&#8221;1\/3&#8243; css=&#8221;.vc_custom_1676745492434{padding-right: 25px !important;padding-left: 15px !important;}&#8221;]<div class=\"ult-animation  ult-animate-viewport  ult-no-mobile \" data-animate=\"fadeIn\" data-animation-delay=\"0\" data-animation-duration=\"1\" data-animation-iteration=\"1\" style=\"opacity:0;\" data-opacity_start_effect=\"\"><div class=\"aio-icon-component   line-in style_1\"><div id=\"Info-box-wrap-5980\" class=\"aio-icon-box top-icon\" style=\"\"  ><div class=\"aio-icon-top\"><div class=\"ult-just-icon-wrapper  \"><div class=\"align-icon\" style=\"text-align:center;\">\n<div class=\"aio-icon advanced \"  style=\"color:#ffffff;background:#111111;border-style:;border-color:#333333;border-width:1px;width:55px;height:55px;line-height:55px;border-radius:500px;font-size:25px;display:inline-block;\">\n\t<i class=\"iconsreso-mobile21\"><\/i>\n<\/div><\/div><\/div><\/div><div class=\"aio-icon-header\" ><h3 class=\"aio-icon-title ult-responsive\"  data-ultimate-target='#Info-box-wrap-5980 .aio-icon-title'  data-responsive-json-new='{\"font-size\":\"desktop:22px;\",\"line-height\":\"\"}'  style=\"color:#111111;\">Call Us<\/h3><\/div> <!-- header --><div class=\"aio-icon-description ult-responsive\"  data-ultimate-target='#Info-box-wrap-5980 .aio-icon-description'  data-responsive-json-new='{\"font-size\":\"desktop:18px;\",\"line-height\":\"\"}'  style=\"\">+61 383 767 284<\/div> <!-- description --><\/div> <!-- aio-icon-box --><\/div> <!-- aio-icon-component --><\/div>[\/vc_column_inner][vc_column_inner width=&#8221;1\/3&#8243; css=&#8221;.vc_custom_1676745484200{padding-right: 0px !important;padding-left: 5px !important;}&#8221;]<div class=\"ult-spacer spacer-69d0f03797d6c\" data-id=\"69d0f03797d6c\" data-height=\"\" data-height-mobile=\"40\" data-height-tab=\"\" data-height-tab-portrait=\"\" data-height-mobile-landscape=\"40\" style=\"clear:both;display:block;\"><\/div><div class=\"ult-animation  ult-animate-viewport  ult-no-mobile \" data-animate=\"fadeIn\" data-animation-delay=\"0.2\" data-animation-duration=\"1\" data-animation-iteration=\"1\" style=\"opacity:0;\" data-opacity_start_effect=\"\"><div class=\"aio-icon-component   line-in dark style_1\"><div id=\"Info-box-wrap-3562\" class=\"aio-icon-box top-icon\" style=\"\"  ><div class=\"aio-icon-top\"><div class=\"ult-just-icon-wrapper  \"><div class=\"align-icon\" style=\"text-align:center;\">\n<div class=\"aio-icon advanced \"  style=\"color:#ffffff;background:#111111;border-style:;border-color:#333333;border-width:1px;width:55px;height:55px;line-height:55px;border-radius:500px;font-size:25px;display:inline-block;\">\n\t<i class=\"iconsreso-location\"><\/i>\n<\/div><\/div><\/div><\/div><div class=\"aio-icon-header\" ><h3 class=\"aio-icon-title ult-responsive\"  data-ultimate-target='#Info-box-wrap-3562 .aio-icon-title'  data-responsive-json-new='{\"font-size\":\"desktop:22px;\",\"line-height\":\"\"}'  style=\"color:#111111;\">Address<\/h3><\/div> <!-- header --><div class=\"aio-icon-description ult-responsive\"  data-ultimate-target='#Info-box-wrap-3562 .aio-icon-description'  data-responsive-json-new='{\"font-size\":\"desktop:18px;\",\"line-height\":\"\"}'  style=\"\">245 Quigley Blvd, Ste K<div class=\"aio-icon-read-div\"><a class=\"aio-icon-read\" href=\"https:\/\/goo.gl\/maps\/7Vw1PBhxx5BaXStr8\" target=\"_blank\" rel=\"noopener\" >SEE ON THE MAP<\/a><\/div><\/div> <!-- description --><\/div> <!-- aio-icon-box --><\/div> <!-- aio-icon-component --><\/div>[\/vc_column_inner][vc_column_inner width=&#8221;1\/3&#8243; css=&#8221;.vc_custom_1676745498111{padding-right: 0px !important;padding-left: 25px !important;}&#8221;]<div class=\"ult-spacer spacer-69d0f03797e36\" data-id=\"69d0f03797e36\" data-height=\"\" data-height-mobile=\"40\" data-height-tab=\"\" data-height-tab-portrait=\"40\" data-height-mobile-landscape=\"40\" style=\"clear:both;display:block;\"><\/div><div class=\"ult-animation  ult-animate-viewport  ult-no-mobile \" data-animate=\"fadeIn\" data-animation-delay=\"0.4\" data-animation-duration=\"1\" data-animation-iteration=\"1\" style=\"opacity:0;\" data-opacity_start_effect=\"\"><div class=\"aio-icon-component   line-in dark style_1\"><div id=\"Info-box-wrap-4729\" class=\"aio-icon-box top-icon\" style=\"\"  ><div class=\"aio-icon-top\"><div class=\"ult-just-icon-wrapper  \"><div class=\"align-icon\" style=\"text-align:center;\">\n<div class=\"aio-icon advanced \"  style=\"color:#ffffff;background:#111111;border-style:;border-color:#333333;border-width:1px;width:55px;height:55px;line-height:55px;border-radius:500px;font-size:25px;display:inline-block;\">\n\t<i class=\"iconsreso-email\"><\/i>\n<\/div><\/div><\/div><\/div><div class=\"aio-icon-header\" ><h3 class=\"aio-icon-title ult-responsive\"  data-ultimate-target='#Info-box-wrap-4729 .aio-icon-title'  data-responsive-json-new='{\"font-size\":\"desktop:22px;\",\"line-height\":\"\"}'  style=\"color:#111111;\">Email<\/h3><\/div> <!-- header --><div class=\"aio-icon-description ult-responsive\"  data-ultimate-target='#Info-box-wrap-4729 .aio-icon-description'  data-responsive-json-new='{\"font-size\":\"desktop:18px;\",\"line-height\":\"\"}'  style=\"\">+61 383 767 284<div class=\"aio-icon-read-div\"><a class=\"aio-icon-read\" href=\"mailto:example@treethemes.com\" >SAY HELLO<\/a><\/div><\/div> <!-- description --><\/div> <!-- aio-icon-box --><\/div> <!-- aio-icon-component --><\/div>[\/vc_column_inner][\/vc_row_inner]\t\t<\/div><\/div>[\/vc_column][\/vc_row][vc_row css_animation=&#8221;none&#8221; bg_type=&#8221;bg_color&#8221; bg_override=&#8221;ex-full&#8221; bg_color_value=&#8221;#ffffff&#8221; el_class=&#8221;wide-ipad&#8221;][vc_column css_animation=&#8221;fadeInUpShort&#8221; width=&#8221;1\/6&#8243;][\/vc_column][vc_column css_animation=&#8221;fadeInUp&#8221; width=&#8221;2\/3&#8243; css=&#8221;.vc_custom_1736590639407{padding-right: 0px !important;padding-left: 0px !important;}&#8221;]<div class=\"ult-spacer spacer-69d0f03797f2b\" data-id=\"69d0f03797f2b\" data-height=\"\" data-height-mobile=\"50\" data-height-tab=\"\" data-height-tab-portrait=\"\" data-height-mobile-landscape=\"50\" style=\"clear:both;display:block;\"><\/div>[vc_row_inner][vc_column_inner]\n<div class=\"wpcf7 no-js\" id=\"wpcf7-f5977-o1\" lang=\"en-US\" dir=\"ltr\" data-wpcf7-id=\"5977\">\n<div class=\"screen-reader-response\"><p role=\"status\" aria-live=\"polite\" aria-atomic=\"true\"><\/p> <ul><\/ul><\/div>\n<form action=\"\/index.php\/wp-json\/wp\/v2\/pages\/5502#wpcf7-f5977-o1\" method=\"post\" class=\"wpcf7-form init\" aria-label=\"Contact form\" novalidate=\"novalidate\" data-status=\"init\">\n<fieldset class=\"hidden-fields-container\"><input type=\"hidden\" name=\"_wpcf7\" value=\"5977\" \/><input type=\"hidden\" name=\"_wpcf7_version\" value=\"6.1.5\" \/><input type=\"hidden\" name=\"_wpcf7_locale\" value=\"en_US\" \/><input type=\"hidden\" name=\"_wpcf7_unit_tag\" value=\"wpcf7-f5977-o1\" \/><input type=\"hidden\" name=\"_wpcf7_container_post\" value=\"0\" \/><input type=\"hidden\" name=\"_wpcf7_posted_data_hash\" value=\"\" \/>\n<\/fieldset>\n<div class=\"pine-multiple-fields\">\n\t<div class=\"f-name\">\n\t\t<p>Ime in priimek <span class=\"cforms-required\">*<\/span>\n\t\t<\/p>\n\t\t<p><span class=\"wpcf7-form-control-wrap\" data-name=\"ImeInPriimek\"><input size=\"40\" maxlength=\"400\" class=\"wpcf7-form-control wpcf7-text wpcf7-validates-as-required\" aria-required=\"true\" aria-invalid=\"false\" placeholder=\"Vpi\u0161ite ime in priimek\" value=\"\" type=\"text\" name=\"ImeInPriimek\" \/><\/span>\n\t\t<\/p>\n\t<\/div>\n\t<div class=\"f-email\">\n\t\t<p>E-naslov <span class=\"cforms-required\">*<\/span>\n\t\t<\/p>\n\t\t<p><span class=\"wpcf7-form-control-wrap\" data-name=\"Email\"><input size=\"40\" maxlength=\"400\" class=\"wpcf7-form-control wpcf7-email wpcf7-validates-as-required wpcf7-text wpcf7-validates-as-email\" aria-required=\"true\" aria-invalid=\"false\" placeholder=\"Vpi\u0161ite e-naslov\" value=\"\" type=\"email\" name=\"Email\" \/><\/span>\n\t\t<\/p>\n\t<\/div>\n\t<div class=\"f-subject\">\n\t\t<p>Zadeva\n\t\t<\/p>\n\t\t<p><span class=\"wpcf7-form-control-wrap\" data-name=\"Zadeva\"><input size=\"40\" maxlength=\"400\" class=\"wpcf7-form-control wpcf7-text\" aria-invalid=\"false\" placeholder=\"Zadeva\" value=\"\" type=\"text\" name=\"Zadeva\" \/><\/span>\n\t\t<\/p>\n\t<\/div>\n\t<div class=\"f-service\">\n\t\t<p>Kak\u0161ne re\u0161itve i\u0161\u010dete?\n\t\t<\/p>\n\t\t<p><span class=\"wpcf7-form-control-wrap\" data-name=\"Resitve\"><select class=\"wpcf7-form-control wpcf7-select\" aria-invalid=\"false\" name=\"Resitve\"><option value=\"Pla\u010dilne kartice\">Pla\u010dilne kartice<\/option><option value=\"Pla\u010dilni ra\u010duni\">Pla\u010dilni ra\u010duni<\/option><option value=\"Sprejemanje pla\u010dil\">Sprejemanje pla\u010dil<\/option><option value=\"E-denarni \u017eeton\">E-denarni \u017eeton<\/option><option value=\"Drugo\">Drugo<\/option><\/select><\/span>\n\t\t<\/p>\n\t<\/div>\n\n <!-- Tukaj sta dve polji drug ob drugem -->\n\t<div class=\"f-name company-name\">\n\t\t<p>Naziv podjetja <span class=\"cforms-required\">*<\/span>\n\t\t<\/p>\n\t\t<p><span class=\"wpcf7-form-control-wrap\" data-name=\"NazivPodjetja\"><input size=\"40\" maxlength=\"400\" class=\"wpcf7-form-control wpcf7-text wpcf7-validates-as-required\" aria-required=\"true\" aria-invalid=\"false\" placeholder=\"Vpi\u0161ite naziv podjetja\" value=\"\" type=\"text\" name=\"NazivPodjetja\" \/><\/span>\n\t\t<\/p>\n\t<\/div>\n\t<div class=\"f-website\">\n\t\t<p>Spletna stran podjetja <span class=\"cforms-required\">*<\/span>\n\t\t<\/p>\n\t\t<p><span class=\"wpcf7-form-control-wrap\" data-name=\"SpletnaStran\"><input size=\"40\" maxlength=\"400\" class=\"wpcf7-form-control wpcf7-text wpcf7-validates-as-required\" aria-required=\"true\" aria-invalid=\"false\" placeholder=\"Vpi\u0161ite spletno stran podjetja\" value=\"\" type=\"text\" name=\"SpletnaStran\" \/><\/span>\n\t\t<\/p>\n\t<\/div>\n\t<div class=\"f-message\">\n\t\t<p>Va\u0161e sporo\u010dilo\n\t\t<\/p>\n\t\t<p><span class=\"wpcf7-form-control-wrap\" data-name=\"Sporocilo\"><textarea cols=\"40\" rows=\"10\" maxlength=\"2000\" class=\"wpcf7-form-control wpcf7-textarea\" aria-invalid=\"false\" placeholder=\"Va\u0161e sporo\u010dilo\" name=\"Sporocilo\"><\/textarea><\/span>\n\t\t<\/p>\n\t<\/div>\n\t<div class=\"bottom-content left\">\n\t\t<p><span class=\"wpcf7-form-control-wrap\" data-name=\"acceptance-621\"><span class=\"wpcf7-form-control wpcf7-acceptance optional\"><span class=\"wpcf7-list-item\"><label><input type=\"checkbox\" name=\"acceptance-621\" value=\"1\" aria-invalid=\"false\" \/><span class=\"wpcf7-list-item-label\">Strinjam se, da Paywiser podatke, predlo\u017eene v tem obrazcu, uporablja za po\u0161iljanje sporo\u010dil v zvezi s svojimi storitvami.<\/span><\/label><\/span><\/span><\/span>\n\t\t<\/p>\n\t\t<p><span class=\"wpcf7-form-control-wrap\" data-name=\"acceptance-622\"><span class=\"wpcf7-form-control wpcf7-acceptance optional\"><span class=\"wpcf7-list-item\"><label><input type=\"checkbox\" name=\"acceptance-622\" value=\"1\" aria-invalid=\"false\" \/><span class=\"wpcf7-list-item-label\">Potrjujem, da sem seznanjen(a) s Paywiserjevo Politika zasebnosti ter sogla\u0161am, da se moji podatki uporabljajo skladno z navedbami.<\/span><\/label><\/span><\/span><\/span>\n\t\t<\/p>\n\t\t<div class=\"bt-contact right\">\n\t\t\t<p><span class=\"button dark\"><input class=\"wpcf7-form-control wpcf7-submit has-spinner\" type=\"submit\" value=\"Po\u0161lji\" \/><\/span><br \/>\n<input class=\"wpcf7-form-control wpcf7-submit has-spinner\" type=\"submit\" value=\"Po\u0161lji\" \/>\n\t\t\t<\/p>\n\t\t<\/div>\n\t<\/div>\n<\/div><p style=\"display: none !important;\" class=\"akismet-fields-container\" data-prefix=\"_wpcf7_ak_\"><label>&#916;<textarea name=\"_wpcf7_ak_hp_textarea\" cols=\"45\" rows=\"8\" maxlength=\"100\"><\/textarea><\/label><input type=\"hidden\" id=\"ak_js_1\" name=\"_wpcf7_ak_js\" value=\"167\"\/><script>document.getElementById( \"ak_js_1\" ).setAttribute( \"value\", ( new Date() ).getTime() );<\/script><\/p><div class=\"wpcf7-response-output\" aria-hidden=\"true\"><\/div>\n<\/form>\n<\/div>\n[\/vc_column_inner][\/vc_row_inner][\/vc_column][vc_column width=&#8221;1\/6&#8243;][\/vc_column][\/vc_row][vc_row][vc_column][\/vc_column][\/vc_row][vc_row full_width=&#8221;stretch_row_content&#8221; css_animation=&#8221;none&#8221; el_class=&#8221;custom_wide_section&#8221;][vc_column]<div class=\"ult-animation  ult-no-mobile \" data-animate=\"fadeInUpShort\" data-animation-delay=\"0.2\" data-animation-duration=\"1\" data-animation-iteration=\"1\" style=\"\" >[vc_row_inner el_class=&#8221;absolute-element push-down up&#8221;][vc_column_inner]<div id=\"ultimate-heading-813569d0f0379ab22\" class=\"uvc-heading ult-adjust-bottom-margin ultimate-heading-813569d0f0379ab22 uvc-6703 \" data-hspacer=\"line_only\"  data-halign=\"center\" style=\"text-align:center\"><div class=\"uvc-heading-spacer line_only\" style=\"topheight:106px;\"><span class=\"uvc-headings-line\" style=\"border-style:solid;border-bottom-width:106px;border-color:#d6d6d6;width:1px;\"><\/span><\/div><\/div>[vc_custom_heading text=&#8221;BACK TO TOP&#8221; font_container=&#8221;tag:div|text_align:center|color:%23ffffff&#8221; use_theme_fonts=&#8221;yes&#8221; el_class=&#8221;nav-to hover-text&#8221; link=&#8221;url:%23main&#8221;][\/vc_column_inner][\/vc_row_inner]<\/div>[\/vc_column][\/vc_row]<\/p>\n<\/div>","protected":false},"excerpt":{"rendered":"<p>[vc_row equal_height=&#8221;yes&#8221; content_placement=&#8221;middle&#8221; css_animation=&#8221;none&#8221; el_id=&#8221;contacts&#8221;][vc_column css_animation=&#8221;fadeInUp&#8221;][vc_row_inner splitting_chars=&#8221;yes&#8221; el_class=&#8221;wide-ipad&#8221;][vc_column_inner width=&#8221;1\/4&#8243;][\/vc_column_inner][vc_column_inner width=&#8221;1\/2&#8243;][vc_custom_heading text=&#8221;We\u2019d love to hear from you!&#8221; font_container=&#8221;tag:h2|text_align:center&#8221; use_theme_fonts=&#8221;yes&#8221; css_animation=&#8221;charsAnimInLong-1&#8243; css=&#8221;&#8221;][\/vc_column_inner][vc_column_inner width=&#8221;1\/4&#8243;][\/vc_column_inner][\/vc_row_inner][\/vc_column][\/vc_row][vc_row bg_type=&#8221;bg_color&#8221; bg_override=&#8221;ex-full&#8221; ult_hide_row=&#8221;ult_hide_row_value&#8221; ult_hide_row_mobile=&#8221;mobile&#8221; ult_hide_row_mobile_large=&#8221;xl_mobile&#8221; bg_color_value=&#8221;#ffffff&#8221; el_class=&#8221;wide-ipad&#8221;][vc_column width=&#8221;1\/6&#8243;][\/vc_column][vc_column css_animation=&#8221;fadeInUpShort&#8221; width=&#8221;2\/3&#8243; css=&#8221;.vc_custom_1705096870415{padding-right: 0px !important;padding-left: 0px !important;}&#8221;][vc_row_inner el_class=&#8221;wide-2col unset-landscape&#8221;][vc_column_inner width=&#8221;1\/3&#8243; css=&#8221;.vc_custom_1676745492434{padding-right: 25px !important;padding-left: 15px !important;}&#8221;][\/vc_column_inner][vc_column_inner width=&#8221;1\/3&#8243; css=&#8221;.vc_custom_1676745484200{padding-right: 0px !important;padding-left: 5px !important;}&#8221;][\/vc_column_inner][vc_column_inner width=&#8221;1\/3&#8243; css=&#8221;.vc_custom_1676745498111{padding-right: 0px !important;padding-left: 25px [&hellip;]<\/p>\n","protected":false},"author":1,"featured_media":0,"parent":0,"menu_order":0,"comment_status":"closed","ping_status":"closed","template":"page.php","meta":{"footnotes":""},"class_list":["post-5502","page","type-page","status-publish","hentry"],"_links":{"self":[{"href":"https:\/\/paywiser.eu\/index.php\/wp-json\/wp\/v2\/pages\/5502","targetHints":{"allow":["GET"]}}],"collection":[{"href":"https:\/\/paywiser.eu\/index.php\/wp-json\/wp\/v2\/pages"}],"about":[{"href":"https:\/\/paywiser.eu\/index.php\/wp-json\/wp\/v2\/types\/page"}],"author":[{"embeddable":true,"href":"https:\/\/paywiser.eu\/index.php\/wp-json\/wp\/v2\/users\/1"}],"replies":[{"embeddable":true,"href":"https:\/\/paywiser.eu\/index.php\/wp-json\/wp\/v2\/comments?post=5502"}],"version-history":[{"count":28,"href":"https:\/\/paywiser.eu\/index.php\/wp-json\/wp\/v2\/pages\/5502\/revisions"}],"predecessor-version":[{"id":6326,"href":"https:\/\/paywiser.eu\/index.php\/wp-json\/wp\/v2\/pages\/5502\/revisions\/6326"}],"wp:attachment":[{"href":"https:\/\/paywiser.eu\/index.php\/wp-json\/wp\/v2\/media?parent=5502"}],"curies":[{"name":"wp","href":"https:\/\/api.w.org\/{rel}","templated":true}]}}