{"id":5490,"date":"2025-07-03T08:38:05","date_gmt":"2025-07-03T07:38:05","guid":{"rendered":"http:\/\/localhost\/wordpress\/?page_id=5490"},"modified":"2026-04-02T08:44:04","modified_gmt":"2026-04-02T07:44:04","slug":"placilne-kartice","status":"publish","type":"page","link":"https:\/\/paywiser.eu\/index.php\/placilne-kartice\/","title":{"rendered":"Pla\u010dilne kartice"},"content":{"rendered":"<div class=\"wpb-content-wrapper\"><p>[vc_row][vc_column]<div class=\"ult-spacer spacer-69d0f1695f89a\" data-id=\"69d0f1695f89a\" data-height=\"100\" data-height-mobile=\"60\" data-height-tab=\"\" data-height-tab-portrait=\"80\" data-height-mobile-landscape=\"60\" style=\"clear:both;display:block;\"><\/div>[\/vc_column][\/vc_row][vc_row equal_height=&#8221;yes&#8221; content_placement=&#8221;top&#8221; bg_type=&#8221;bg_color&#8221; bg_override=&#8221;ex-full&#8221; bg_color_value=&#8221;#ffffff&#8221; el_class=&#8221;wide-ipad&#8221;][vc_column css_animation=&#8221;fadeIn&#8221; width=&#8221;1\/2&#8243; el_class=&#8221;not-wide-mobile call-action-2-images&#8221; css=&#8221;.vc_custom_1698680661872{padding-right: 0px !important;padding-left: 0px !important;}&#8221;][vc_row_inner parallax_container=&#8221;yes&#8221; parallax_container_speed=&#8221;0.5&#8243; el_class=&#8221;without-padding&#8221;][vc_column_inner el_class=&#8221;portfolio-image1&#8243;][vc_single_image image=&#8221;6275&#8243; img_size=&#8221;full&#8221; css_animation=&#8221;scaleOutIn&#8221; css=&#8221;&#8221; parallax_move_offset=&#8221;255&#8243; el_class=&#8221;call-action-2-image-1&#8243;][\/vc_column_inner][\/vc_row_inner][vc_row_inner el_class=&#8221;without-padding&#8221;][vc_column_inner el_class=&#8221;portfolio-image1&#8243;][vc_single_image image=&#8221;5952&#8243; img_size=&#8221;full&#8221; css_animation=&#8221;scaleOutIn&#8221; css=&#8221;&#8221; el_class=&#8221;call-action-2-image-2&#8243;][\/vc_column_inner][\/vc_row_inner][vc_row_inner parallax_container=&#8221;yes&#8221; parallax_container_speed=&#8221;-0.5&#8243; parallax_container_percentage=&#8221;0.5&#8243; el_class=&#8221;without-padding&#8221;][vc_column_inner el_class=&#8221;portfolio-image1&#8243;][vc_single_image image=&#8221;6273&#8243; img_size=&#8221;full&#8221; css_animation=&#8221;scaleOutIn&#8221; css=&#8221;&#8221; el_class=&#8221;call-action-2-image-3&#8243;][\/vc_column_inner][\/vc_row_inner][\/vc_column][vc_column css_animation=&#8221;fadeInUpShort&#8221; width=&#8221;1\/2&#8243; el_class=&#8221;wide-ipad&#8221;]<div class=\"ult-spacer spacer-69d0f1695f8e6\" data-id=\"69d0f1695f8e6\" data-height=\"\" data-height-mobile=\"100\" data-height-tab=\"\" data-height-tab-portrait=\"100\" data-height-mobile-landscape=\"100\" style=\"clear:both;display:block;\"><\/div><div class=\"ult-content-box-container remove-margin-ipad\" >\t\t<div class=\"ult-content-box\" style=\"box-shadow: px px px px none;margin-top:0px;margin-bottom:0px;margin-left:80px;-webkit-transition: all 700ms ease;-moz-transition: all 700ms ease;-ms-transition: all 700ms ease;-o-transition: all 700ms ease;transition: all 700ms ease;\"  data-hover_box_shadow=\"none\"   data-responsive_margins=\"margin:0px;\"   data-normal_margins=\"margin-top:0px;margin-bottom:0px;margin-left:80px;\"  >[vc_custom_heading text=&#8221;Prednosti uporabe<br \/>\nPaywiser re\u0161itve izdajanja<br \/>\npla\u010dilnih kartic&#8221; font_container=&#8221;tag:h2|text_align:left&#8221; use_theme_fonts=&#8221;yes&#8221; css=&#8221;&#8221;][vc_empty_space height=&#8221;20px&#8221;][vc_tta_accordion color=&#8221;black&#8221; active_section=&#8221;1&#8243;][vc_tta_section title=&#8221;Podjetje&#8221; tab_id=&#8221;01-discussion6a4c-fd41&#8243;][vc_column_text css=&#8221;&#8221;]<\/p>\n<ul>\n<li>Izdajte tiste vrste kartic, ki so smiselne za va\u0161e podjetje: Kartice, ki bodo najbolje slu\u017eile va\u0161emu poslovnemu modelu: slu\u017ebena potovanja, nakup letalskih kart, dvigi gotovine<\/li>\n<li>Lahko se uporablja za osebne ali spletne nakupe<\/li>\n<li>Predpla\u010dni\u0161ka kartica za bonuse ali spodbujevalne nagrade<\/li>\n<li>Takoj\u0161en prenos z va\u0161ega ra\u010duna Paywiser na va\u0161o debetno kartico<\/li>\n<li>Dostopajte do sredstev na katerem koli Dostop do sredstev na vseh partnerskih bankomatih po vsem svetu v lokalnih valutah po vsem svetu v lokalnih valutah<\/li>\n<li>Upravljajte svojo porabo prek mobilne aplikacije Paywiser<\/li>\n<li>Prilagodite mobilno aplikacijo in kartico tako, da bosta vklju\u010devala logotip va\u0161ega podjetja<\/li>\n<\/ul>\n<p>[\/vc_column_text][\/vc_tta_section][vc_tta_section title=&#8221;Posameznik&#8221; tab_id=&#8221;02-design6a4c-fd41&#8243;][vc_column_text css=&#8221;&#8221;]<\/p>\n<ul>\n<li>Na\u0161a re\u0161itev je uporabna za vse va\u0161e vsakodnevne potrebe<\/li>\n<li>Lahko se uporablja za osebne in\/ali spletne nakupe<\/li>\n<li>Povezanost va\u0161e debetne kartice z va\u0161im Paywiser IBAN ra\u010dunom<\/li>\n<li>Upravljajte porabo prek mobilne aplikacije<\/li>\n<li>Dostopajte do sredstev na katerem koli partnerskem bankomatu po vsem svetu<\/li>\n<\/ul>\n<p>[\/vc_column_text][\/vc_tta_section][vc_tta_section title=&#8221;Potovanje&#8221; tab_id=&#8221;03-development6a4c-fd41&#8243;][vc_column_text css=&#8221;&#8221;]<\/p>\n<ul>\n<li>Lahko se uporablja za osebne in\/ali spletne nakupe<\/li>\n<li>Takoj\u0161en prenos z va\u0161ega ra\u010duna Paywiser na va\u0161o debetno kartico<\/li>\n<li>Upravljajte porabo preko mobilne aplikacije<\/li>\n<\/ul>\n<p>[\/vc_column_text][\/vc_tta_section][vc_tta_section title=&#8221;Zahtevajte svojo Paywiser kartico!&#8221; tab_id=&#8221;04-production6a4c-fd41&#8243;][vc_column_text css=&#8221;&#8221;]Naro\u010dite fizi\u010dno kartico za pla\u010devanje na prodajnem mestu in na spletu, ali pa ustvarite virtualno kartico Mastercard za pla\u010devanje prek spleta, ter preprosto spremljajte porabo. Kartico lahko dodate v storitev Google Pay ali Apple Pay.<\/p>\n<p>Dodajte kartico Mastercard v mobilno denarnico in opravite pla\u010dila s pametnim telefonom.<\/p>\n<p>V aplikaciji lahko svojo kartico tudi zaklenete ali odklenete, spremenite kodo PIN ali prika\u017eete podatke o kartici.<\/p>\n<p><strong>Poenostavljamo va\u0161a pla\u010dila.<\/strong>[\/vc_column_text][\/vc_tta_section][\/vc_tta_accordion][vc_empty_space height=&#8221;40px&#8221;][vc_btn title=&#8221;Kontaktirajte na\u0161o prodajno ekipo zdaj&#8221; style=&#8221;custom&#8221; custom_background=&#8221;#1598D5&#8243; custom_text=&#8221;#ffffff&#8221; align=&#8221;left&#8221; css=&#8221;&#8221; link=&#8221;url:https%3A%2F%2Fpaywiser.eu%2Findex.php%2Fkontakt%2F|title:Contact%201&#8243;]\t\t<\/div><\/div>[\/vc_column][\/vc_row][vc_row][vc_column width=&#8221;1\/6&#8243;][vc_row_inner][vc_column_inner][\/vc_column_inner][\/vc_row_inner][\/vc_column][vc_column width=&#8221;2\/3&#8243;][vc_empty_space][vc_column_text css=&#8221;&#8221;]<\/p>\n<h4 style=\"text-align: center;\"><span style=\"color: #1598d5;\">Paywiser ponuja mo\u017enosti debetne kartice in predpla\u010dni\u0161ke kartice, ki ustrezajo va\u0161im potrebam. U\u017eivate lahko v neomejeni uporabi po vsem svetu, hkrati pa mi poskrbimo za prepre\u010devanje goljufij in varnost podatkov<\/span><\/h4>\n<p>[\/vc_column_text][\/vc_column][vc_column width=&#8221;1\/6&#8243;][\/vc_column][\/vc_row]<\/p>\n<\/div>","protected":false},"excerpt":{"rendered":"<p>[vc_row][vc_column][\/vc_column][\/vc_row][vc_row equal_height=&#8221;yes&#8221; content_placement=&#8221;top&#8221; bg_type=&#8221;bg_color&#8221; bg_override=&#8221;ex-full&#8221; bg_color_value=&#8221;#ffffff&#8221; el_class=&#8221;wide-ipad&#8221;][vc_column css_animation=&#8221;fadeIn&#8221; width=&#8221;1\/2&#8243; el_class=&#8221;not-wide-mobile call-action-2-images&#8221; css=&#8221;.vc_custom_1698680661872{padding-right: 0px !important;padding-left: 0px !important;}&#8221;][vc_row_inner parallax_container=&#8221;yes&#8221; parallax_container_speed=&#8221;0.5&#8243; el_class=&#8221;without-padding&#8221;][vc_column_inner el_class=&#8221;portfolio-image1&#8243;][vc_single_image image=&#8221;6275&#8243; img_size=&#8221;full&#8221; css_animation=&#8221;scaleOutIn&#8221; css=&#8221;&#8221; parallax_move_offset=&#8221;255&#8243; el_class=&#8221;call-action-2-image-1&#8243;][\/vc_column_inner][\/vc_row_inner][vc_row_inner el_class=&#8221;without-padding&#8221;][vc_column_inner el_class=&#8221;portfolio-image1&#8243;][vc_single_image image=&#8221;5952&#8243; img_size=&#8221;full&#8221; css_animation=&#8221;scaleOutIn&#8221; css=&#8221;&#8221; el_class=&#8221;call-action-2-image-2&#8243;][\/vc_column_inner][\/vc_row_inner][vc_row_inner parallax_container=&#8221;yes&#8221; parallax_container_speed=&#8221;-0.5&#8243; parallax_container_percentage=&#8221;0.5&#8243; el_class=&#8221;without-padding&#8221;][vc_column_inner el_class=&#8221;portfolio-image1&#8243;][vc_single_image image=&#8221;6273&#8243; img_size=&#8221;full&#8221; css_animation=&#8221;scaleOutIn&#8221; css=&#8221;&#8221; el_class=&#8221;call-action-2-image-3&#8243;][\/vc_column_inner][\/vc_row_inner][\/vc_column][vc_column css_animation=&#8221;fadeInUpShort&#8221; width=&#8221;1\/2&#8243; el_class=&#8221;wide-ipad&#8221;][\/vc_column][\/vc_row][vc_row][vc_column width=&#8221;1\/6&#8243;][vc_row_inner][vc_column_inner][\/vc_column_inner][\/vc_row_inner][\/vc_column][vc_column width=&#8221;2\/3&#8243;][vc_empty_space][vc_column_text css=&#8221;&#8221;] Paywiser ponuja mo\u017enosti debetne kartice in [&hellip;]<\/p>\n","protected":false},"author":1,"featured_media":0,"parent":0,"menu_order":0,"comment_status":"closed","ping_status":"closed","template":"page.php","meta":{"footnotes":""},"class_list":["post-5490","page","type-page","status-publish","hentry"],"_links":{"self":[{"href":"https:\/\/paywiser.eu\/index.php\/wp-json\/wp\/v2\/pages\/5490","targetHints":{"allow":["GET"]}}],"collection":[{"href":"https:\/\/paywiser.eu\/index.php\/wp-json\/wp\/v2\/pages"}],"about":[{"href":"https:\/\/paywiser.eu\/index.php\/wp-json\/wp\/v2\/types\/page"}],"author":[{"embeddable":true,"href":"https:\/\/paywiser.eu\/index.php\/wp-json\/wp\/v2\/users\/1"}],"replies":[{"embeddable":true,"href":"https:\/\/paywiser.eu\/index.php\/wp-json\/wp\/v2\/comments?post=5490"}],"version-history":[{"count":22,"href":"https:\/\/paywiser.eu\/index.php\/wp-json\/wp\/v2\/pages\/5490\/revisions"}],"predecessor-version":[{"id":6432,"href":"https:\/\/paywiser.eu\/index.php\/wp-json\/wp\/v2\/pages\/5490\/revisions\/6432"}],"wp:attachment":[{"href":"https:\/\/paywiser.eu\/index.php\/wp-json\/wp\/v2\/media?parent=5490"}],"curies":[{"name":"wp","href":"https:\/\/api.w.org\/{rel}","templated":true}]}}